{"id":107,"date":"2023-01-09T08:28:32","date_gmt":"2023-01-09T08:28:32","guid":{"rendered":"https:\/\/www.analatorreestilismo.com\/?page_id=107"},"modified":"2023-01-09T08:28:32","modified_gmt":"2023-01-09T08:28:32","slug":"aviso-legal","status":"publish","type":"page","link":"https:\/\/www.analatorreestilismo.com\/en\/aviso-legal\/","title":{"rendered":"Aviso legal"},"content":{"rendered":"<h1><strong>Aviso Legal | Politica<\/strong><\/h1>\n\n\n\n<p>Ana Latorre Rodr\u00edguez. DNI: 18439822D C\/ Luis Bu\u00f1uel, 1D, bajo, peluquer\u00eda. 44002 &#8211; Teruel, no puede asumir ninguna responsabilidad derivada del uso incorrecto, inapropiado o il\u00edcito de la informaci\u00f3n aparecida en la p\u00e1gina de Internet&nbsp;<\/p>\n\n\n\n<p>\u200b<\/p>\n\n\n\n<ul>\n<li>La web de Ana Latorre Rodr\u00edguez. DNI: 18439822D C\/ Luis Bu\u00f1uel, 1D, bajo, peluquer\u00eda. 44002 &#8211; Teruel tiene como fin dar a conocer al p\u00fablico general las actividades que realiza y los servicios que presta. Ana Latorre Rodr\u00edguez. DNI: 18439822D C\/ Luis Bu\u00f1uel, 1D, bajo, peluquer\u00eda. 44002 &#8211; Teruel se reserva la facultad de efectuar, en cualquier momento y sin previo aviso, modificaciones de la informaci\u00f3n contenida en su web.<\/li>\n<\/ul>\n\n\n\n<p>\u200b<\/p>\n\n\n\n<ul>\n<li>Con los l\u00edmites establecidos en la ley, Ana Latorre Rodr\u00edguez. DNI: 18439822D C\/ Luis Bu\u00f1uel, 1D, bajo, peluquer\u00eda. 44002 &#8211; Teruel no asume ninguna responsabilidad derivada de la falta de veracidad, integridad, actualizaci\u00f3n y precisi\u00f3n de los datos o informaciones que se contienen en sus p\u00e1ginas de Internet. Los contenidos e informaci\u00f3n no vinculan a Ana Latorre Rodr\u00edguez. DNI: 18439822D C\/ Luis Bu\u00f1uel, 1D, bajo, peluquer\u00eda. 44002 &#8211; Teruel ni constituyen opiniones, consejos o asesoramiento legal de ning\u00fan tipo pues se trata meramente de un servicio ofrecido con car\u00e1cter informativo y divulgativo. La p\u00e1gina de Internet de Ana Latorre Rodr\u00edguez. DNI: 18439822D C\/ Luis Bu\u00f1uel, 1D, bajo, peluquer\u00eda. 44002 &#8211; Teruel puede contener enlaces (links) a otras p\u00e1ginas de terceras partes que Ana Latorre Rodr\u00edguez. DNI: 18439822D C\/ Luis Bu\u00f1uel, 1D, bajo, peluquer\u00eda. 44002 &#8211; Teruel no puede controlar. Por lo tanto, Ana Latorre Rodr\u00edguez. DNI: 18439822D C\/ Luis Bu\u00f1uel, 1D, bajo, peluquer\u00eda. 44002 &#8211; Teruel no puede asumir responsabilidades por el contenido que pueda aparecer en p\u00e1ginas de terceros. Los textos, im\u00e1genes, sonidos, animaciones, software y el resto de contenidos incluidos en este website son propiedad exclusiva de Ana Latorre Rodr\u00edguez. DNI: 18439822D C\/ Luis Bu\u00f1uel, 1D, bajo, peluquer\u00eda. 44002 &#8211; Teruel o sus licenciantes. Cualquier acto de transmisi\u00f3n, distribuci\u00f3n, cesi\u00f3n, reproducci\u00f3n, almacenamiento o comunicaci\u00f3n p\u00fablica total o parcial, debe contar con el consentimiento expreso de Ana Latorre Rodr\u00edguez. DNI: 18439822D C\/ Luis Bu\u00f1uel, 1D, bajo, peluquer\u00eda. 44002 &#8211; Teruel.&nbsp;<\/li>\n<\/ul>","protected":false},"excerpt":{"rendered":"<p>Aviso Legal | Politica Ana Latorre Rodr\u00edguez. DNI: 18439822D C\/ Luis Bu\u00f1uel, 1D, bajo, peluquer\u00eda. 44002 &#8211; Teruel, no puede asumir ninguna responsabilidad derivada del uso incorrecto, inapropiado o il\u00edcito de la informaci\u00f3n aparecida en la p\u00e1gina de Internet&nbsp; \u200b \u200b<\/p>","protected":false},"author":1,"featured_media":0,"parent":0,"menu_order":0,"comment_status":"closed","ping_status":"closed","template":"","meta":[],"yoast_head":"<!-- This site is optimized with the Yoast SEO plugin v19.13 - https:\/\/yoast.com\/wordpress\/plugins\/seo\/ -->\n<title>Aviso legal - Ana Latorre Estilismo<\/title>\n<meta name=\"robots\" content=\"index, follow, max-snippet:-1, max-image-preview:large, max-video-preview:-1\" \/>\n<link rel=\"canonical\" href=\"https:\/\/www.analatorreestilismo.com\/en\/aviso-legal\/\" \/>\n<meta property=\"og:locale\" content=\"en_GB\" \/>\n<meta property=\"og:type\" content=\"article\" \/>\n<meta property=\"og:title\" content=\"Aviso legal - Ana Latorre Estilismo\" \/>\n<meta property=\"og:description\" content=\"Aviso Legal | Politica Ana Latorre Rodr\u00edguez. DNI: 18439822D C\/ Luis Bu\u00f1uel, 1D, bajo, peluquer\u00eda. 44002 &#8211; Teruel, no puede asumir ninguna responsabilidad derivada del uso incorrecto, inapropiado o il\u00edcito de la informaci\u00f3n aparecida en la p\u00e1gina de Internet&nbsp; \u200b \u200b\" \/>\n<meta property=\"og:url\" content=\"https:\/\/www.analatorreestilismo.com\/en\/aviso-legal\/\" \/>\n<meta property=\"og:site_name\" content=\"Ana Latorre Estilismo\" \/>\n<meta name=\"twitter:card\" content=\"summary_large_image\" \/>\n<meta name=\"twitter:label1\" content=\"Est. reading time\" \/>\n\t<meta name=\"twitter:data1\" content=\"2 minutes\" \/>\n<script type=\"application\/ld+json\" class=\"yoast-schema-graph\">{\"@context\":\"https:\/\/schema.org\",\"@graph\":[{\"@type\":\"WebPage\",\"@id\":\"https:\/\/www.analatorreestilismo.com\/aviso-legal\/\",\"url\":\"https:\/\/www.analatorreestilismo.com\/aviso-legal\/\",\"name\":\"Aviso legal - Ana Latorre Estilismo\",\"isPartOf\":{\"@id\":\"https:\/\/www.analatorreestilismo.com\/#website\"},\"datePublished\":\"2023-01-09T08:28:32+00:00\",\"dateModified\":\"2023-01-09T08:28:32+00:00\",\"breadcrumb\":{\"@id\":\"https:\/\/www.analatorreestilismo.com\/aviso-legal\/#breadcrumb\"},\"inLanguage\":\"en-GB\",\"potentialAction\":[{\"@type\":\"ReadAction\",\"target\":[\"https:\/\/www.analatorreestilismo.com\/aviso-legal\/\"]}]},{\"@type\":\"BreadcrumbList\",\"@id\":\"https:\/\/www.analatorreestilismo.com\/aviso-legal\/#breadcrumb\",\"itemListElement\":[{\"@type\":\"ListItem\",\"position\":1,\"name\":\"Portada\",\"item\":\"https:\/\/www.analatorreestilismo.com\/\"},{\"@type\":\"ListItem\",\"position\":2,\"name\":\"Aviso legal\"}]},{\"@type\":\"WebSite\",\"@id\":\"https:\/\/www.analatorreestilismo.com\/#website\",\"url\":\"https:\/\/www.analatorreestilismo.com\/\",\"name\":\"Ana Latorre Estilismo\",\"description\":\"Estilismo peluquer\u00eda y est\u00e9tica en Teruel\",\"publisher\":{\"@id\":\"https:\/\/www.analatorreestilismo.com\/#organization\"},\"potentialAction\":[{\"@type\":\"SearchAction\",\"target\":{\"@type\":\"EntryPoint\",\"urlTemplate\":\"https:\/\/www.analatorreestilismo.com\/?s={search_term_string}\"},\"query-input\":\"required name=search_term_string\"}],\"inLanguage\":\"en-GB\"},{\"@type\":\"Organization\",\"@id\":\"https:\/\/www.analatorreestilismo.com\/#organization\",\"name\":\"Ana Latorre Estilismo\",\"url\":\"https:\/\/www.analatorreestilismo.com\/\",\"logo\":{\"@type\":\"ImageObject\",\"inLanguage\":\"en-GB\",\"@id\":\"https:\/\/www.analatorreestilismo.com\/#\/schema\/logo\/image\/\",\"url\":\"https:\/\/www.analatorreestilismo.com\/wp-content\/uploads\/2022\/12\/ana-la-torre-estilismo.jpeg\",\"contentUrl\":\"https:\/\/www.analatorreestilismo.com\/wp-content\/uploads\/2022\/12\/ana-la-torre-estilismo.jpeg\",\"width\":312,\"height\":124,\"caption\":\"Ana Latorre Estilismo\"},\"image\":{\"@id\":\"https:\/\/www.analatorreestilismo.com\/#\/schema\/logo\/image\/\"}}]}<\/script>\n<!-- \/ Yoast SEO plugin. -->","yoast_head_json":{"title":"Aviso legal - Ana Latorre Estilismo","robots":{"index":"index","follow":"follow","max-snippet":"max-snippet:-1","max-image-preview":"max-image-preview:large","max-video-preview":"max-video-preview:-1"},"canonical":"https:\/\/www.analatorreestilismo.com\/en\/aviso-legal\/","og_locale":"en_GB","og_type":"article","og_title":"Aviso legal - Ana Latorre Estilismo","og_description":"Aviso Legal | Politica Ana Latorre Rodr\u00edguez. DNI: 18439822D C\/ Luis Bu\u00f1uel, 1D, bajo, peluquer\u00eda. 44002 &#8211; Teruel, no puede asumir ninguna responsabilidad derivada del uso incorrecto, inapropiado o il\u00edcito de la informaci\u00f3n aparecida en la p\u00e1gina de Internet&nbsp; \u200b \u200b","og_url":"https:\/\/www.analatorreestilismo.com\/en\/aviso-legal\/","og_site_name":"Ana Latorre Estilismo","twitter_card":"summary_large_image","twitter_misc":{"Est. reading time":"2 minutes"},"schema":{"@context":"https:\/\/schema.org","@graph":[{"@type":"WebPage","@id":"https:\/\/www.analatorreestilismo.com\/aviso-legal\/","url":"https:\/\/www.analatorreestilismo.com\/aviso-legal\/","name":"Aviso legal - Ana Latorre Estilismo","isPartOf":{"@id":"https:\/\/www.analatorreestilismo.com\/#website"},"datePublished":"2023-01-09T08:28:32+00:00","dateModified":"2023-01-09T08:28:32+00:00","breadcrumb":{"@id":"https:\/\/www.analatorreestilismo.com\/aviso-legal\/#breadcrumb"},"inLanguage":"en-GB","potentialAction":[{"@type":"ReadAction","target":["https:\/\/www.analatorreestilismo.com\/aviso-legal\/"]}]},{"@type":"BreadcrumbList","@id":"https:\/\/www.analatorreestilismo.com\/aviso-legal\/#breadcrumb","itemListElement":[{"@type":"ListItem","position":1,"name":"Portada","item":"https:\/\/www.analatorreestilismo.com\/"},{"@type":"ListItem","position":2,"name":"Aviso legal"}]},{"@type":"WebSite","@id":"https:\/\/www.analatorreestilismo.com\/#website","url":"https:\/\/www.analatorreestilismo.com\/","name":"Ana Latorre Estilismo","description":"Estilismo peluquer\u00eda y est\u00e9tica en Teruel","publisher":{"@id":"https:\/\/www.analatorreestilismo.com\/#organization"},"potentialAction":[{"@type":"SearchAction","target":{"@type":"EntryPoint","urlTemplate":"https:\/\/www.analatorreestilismo.com\/?s={search_term_string}"},"query-input":"required name=search_term_string"}],"inLanguage":"en-GB"},{"@type":"Organization","@id":"https:\/\/www.analatorreestilismo.com\/#organization","name":"Ana Latorre Estilismo","url":"https:\/\/www.analatorreestilismo.com\/","logo":{"@type":"ImageObject","inLanguage":"en-GB","@id":"https:\/\/www.analatorreestilismo.com\/#\/schema\/logo\/image\/","url":"https:\/\/www.analatorreestilismo.com\/wp-content\/uploads\/2022\/12\/ana-la-torre-estilismo.jpeg","contentUrl":"https:\/\/www.analatorreestilismo.com\/wp-content\/uploads\/2022\/12\/ana-la-torre-estilismo.jpeg","width":312,"height":124,"caption":"Ana Latorre Estilismo"},"image":{"@id":"https:\/\/www.analatorreestilismo.com\/#\/schema\/logo\/image\/"}}]}},"_links":{"self":[{"href":"https:\/\/www.analatorreestilismo.com\/en\/wp-json\/wp\/v2\/pages\/107"}],"collection":[{"href":"https:\/\/www.analatorreestilismo.com\/en\/wp-json\/wp\/v2\/pages"}],"about":[{"href":"https:\/\/www.analatorreestilismo.com\/en\/wp-json\/wp\/v2\/types\/page"}],"author":[{"embeddable":true,"href":"https:\/\/www.analatorreestilismo.com\/en\/wp-json\/wp\/v2\/users\/1"}],"replies":[{"embeddable":true,"href":"https:\/\/www.analatorreestilismo.com\/en\/wp-json\/wp\/v2\/comments?post=107"}],"version-history":[{"count":1,"href":"https:\/\/www.analatorreestilismo.com\/en\/wp-json\/wp\/v2\/pages\/107\/revisions"}],"predecessor-version":[{"id":108,"href":"https:\/\/www.analatorreestilismo.com\/en\/wp-json\/wp\/v2\/pages\/107\/revisions\/108"}],"wp:attachment":[{"href":"https:\/\/www.analatorreestilismo.com\/en\/wp-json\/wp\/v2\/media?parent=107"}],"curies":[{"name":"wp","href":"https:\/\/api.w.org\/{rel}","templated":true}]}}